{"id":70,"date":"2020-09-23T11:49:43","date_gmt":"2020-09-23T11:49:43","guid":{"rendered":"http:\/\/mobilekaeserei.de\/?page_id=70"},"modified":"2021-12-28T19:54:07","modified_gmt":"2021-12-28T19:54:07","slug":"so-funktioniert-die-mobile-kaeserei","status":"publish","type":"page","link":"https:\/\/mobilekaeserei.de\/?page_id=70","title":{"rendered":"So funktioniert die mobile K\u00e4serei"},"content":{"rendered":"\n<figure class=\"wp-block-image alignfull size-full\"><img fetchpriority=\"high\" decoding=\"async\" width=\"2560\" height=\"676\" src=\"https:\/\/mobilekaeserei.de\/wp-content\/uploads\/2021\/11\/211102_Header_Bmobile_Zeichenfla\u0308che-1-Kopie-6-2-scaled.jpg\" alt=\"\" class=\"wp-image-772\" srcset=\"https:\/\/mobilekaeserei.de\/wp-content\/uploads\/2021\/11\/211102_Header_Bmobile_Zeichenfla\u0308che-1-Kopie-6-2-scaled.jpg 2560w, https:\/\/mobilekaeserei.de\/wp-content\/uploads\/2021\/11\/211102_Header_Bmobile_Zeichenfla\u0308che-1-Kopie-6-2-300x79.jpg 300w, https:\/\/mobilekaeserei.de\/wp-content\/uploads\/2021\/11\/211102_Header_Bmobile_Zeichenfla\u0308che-1-Kopie-6-2-1024x270.jpg 1024w, https:\/\/mobilekaeserei.de\/wp-content\/uploads\/2021\/11\/211102_Header_Bmobile_Zeichenfla\u0308che-1-Kopie-6-2-768x203.jpg 768w, https:\/\/mobilekaeserei.de\/wp-content\/uploads\/2021\/11\/211102_Header_Bmobile_Zeichenfla\u0308che-1-Kopie-6-2-1536x406.jpg 1536w, https:\/\/mobilekaeserei.de\/wp-content\/uploads\/2021\/11\/211102_Header_Bmobile_Zeichenfla\u0308che-1-Kopie-6-2-2048x541.jpg 2048w\" sizes=\"(max-width: 2560px) 100vw, 2560px\" \/><\/figure>\n\n\n\n<div style=\"height:100px\" aria-hidden=\"true\" class=\"wp-block-spacer\"><\/div>\n\n\n\n<h2 class=\"wp-block-heading\">Vorbereitung zum K\u00e4sen<\/h2>\n\n\n\n<p><\/p>\n\n\n\n<div class=\"wp-block-columns is-layout-flex wp-container-core-columns-layout-2 wp-block-columns-is-layout-flex\">\n<div class=\"wp-block-column is-layout-flow wp-block-column-is-layout-flow\" style=\"flex-basis:100%\">\n<div class=\"wp-block-columns alignwide are-vertically-aligned-top is-layout-flex wp-container-core-columns-layout-1 wp-block-columns-is-layout-flex\">\n<div class=\"wp-block-column is-layout-flow wp-block-column-is-layout-flow\" style=\"flex-basis:46%\">\n<figure class=\"wp-block-image size-full\"><img decoding=\"async\" width=\"1024\" height=\"768\" src=\"https:\/\/mobilekaeserei.de\/wp-content\/uploads\/2021\/12\/LKW_Harrys.jpg\" alt=\"\" class=\"wp-image-1015\" srcset=\"https:\/\/mobilekaeserei.de\/wp-content\/uploads\/2021\/12\/LKW_Harrys.jpg 1024w, https:\/\/mobilekaeserei.de\/wp-content\/uploads\/2021\/12\/LKW_Harrys-300x225.jpg 300w, https:\/\/mobilekaeserei.de\/wp-content\/uploads\/2021\/12\/LKW_Harrys-768x576.jpg 768w\" sizes=\"(max-width: 1024px) 100vw, 1024px\" \/><\/figure>\n<\/div>\n\n\n\n<div class=\"wp-block-column is-layout-flow wp-block-column-is-layout-flow\" style=\"flex-basis:54%\">\n<p><\/p>\n\n\n\n<p>Der K\u00e4se-LKW ben\u00f6tigt m\u00f6glichst einen sauberen und befestigten Stellplatz nahe der Milchkammer.Wichtig f\u00fcr den reibungsfreien Betrieb ist der Zugang zu Strom mit minimal 16A und im besten Fall 16A und 32A gleichzeitig. Der zur Verf\u00fcgung stehende Stromanschluss beeinflusst unmittelbar die Zeitdauer der Milcherw\u00e4rmung und damit die Dauer des K\u00e4sevorgangs insgesamt. Dar\u00fcber hinaus ben\u00f6tigen wir je einen Wasseranschluss. <\/p>\n\n\n\n<p>Die Milch wird direkt vom Melkstand oder aus dem Milchtank in den K\u00e4sekessel bef\u00f6rdert. Die Milch sollte nicht \u00e4lter als 12 Stunden sein und h\u00f6chstens 2 Gemelke enthalten.<\/p>\n<\/div>\n<\/div>\n<\/div>\n<\/div>\n\n\n\n<h2 class=\"wp-block-heading\">Der K\u00e4sevorgang<\/h2>\n\n\n\n<div class=\"wp-block-columns is-layout-flex wp-container-core-columns-layout-5 wp-block-columns-is-layout-flex\">\n<div class=\"wp-block-column is-layout-flow wp-block-column-is-layout-flow\" style=\"flex-basis:100%\">\n<div class=\"wp-block-columns alignwide are-vertically-aligned-top is-layout-flex wp-container-core-columns-layout-3 wp-block-columns-is-layout-flex\">\n<div class=\"wp-block-column is-layout-flow wp-block-column-is-layout-flow\" style=\"flex-basis:46%\">\n<figure class=\"wp-block-image size-large\"><img decoding=\"async\" width=\"1024\" height=\"674\" src=\"https:\/\/mobilekaeserei.de\/wp-content\/uploads\/2020\/12\/Kaesebruch-1024x674.jpg\" alt=\"\" class=\"wp-image-257\" srcset=\"https:\/\/mobilekaeserei.de\/wp-content\/uploads\/2020\/12\/Kaesebruch-1024x674.jpg 1024w, https:\/\/mobilekaeserei.de\/wp-content\/uploads\/2020\/12\/Kaesebruch-300x198.jpg 300w, https:\/\/mobilekaeserei.de\/wp-content\/uploads\/2020\/12\/Kaesebruch-768x506.jpg 768w, https:\/\/mobilekaeserei.de\/wp-content\/uploads\/2020\/12\/Kaesebruch.jpg 1215w\" sizes=\"(max-width: 1024px) 100vw, 1024px\" \/><\/figure>\n<\/div>\n\n\n\n<div class=\"wp-block-column is-layout-flow wp-block-column-is-layout-flow\" style=\"flex-basis:54%\">\n<p>Bei einer Temperatur ab 20\u00b0C werden Milchs\u00e4urebakterien zugegeben. Diese bauen Lden Milchzucker (Lactose) ab und sind f\u00fcr die S\u00e4uerung verantwortlich. Nach 30-60 min\u00fctiger Vorreifungszeit wird die anges\u00e4uerte Milch eingelabt, um sie \u201edick\u201c zu legen.<\/p>\n\n\n\n<p>Die Dickungszeit betr\u00e4gt ca. eine Stunde. Dann wird die Gallerte geschnitten. Molke tritt aus und trennt sich vom sogenannten \u201eBruch\u201c. Nach der Bruchbehandlung (weiteres Schneiden und R\u00fchren des Bruch- Molkegemisches) wird ein Teil der Molke abgezogen.<\/p>\n<\/div>\n<\/div>\n\n\n\n<div class=\"wp-block-columns alignwide are-vertically-aligned-top is-layout-flex wp-container-core-columns-layout-4 wp-block-columns-is-layout-flex\">\n<div class=\"wp-block-column is-layout-flow wp-block-column-is-layout-flow\" style=\"flex-basis:46%\">\n<figure class=\"wp-block-image size-large\"><img loading=\"lazy\" decoding=\"async\" width=\"1024\" height=\"674\" src=\"https:\/\/mobilekaeserei.de\/wp-content\/uploads\/2020\/12\/Kaeseherstellung-1024x674.jpg\" alt=\"\" class=\"wp-image-258\" srcset=\"https:\/\/mobilekaeserei.de\/wp-content\/uploads\/2020\/12\/Kaeseherstellung-1024x674.jpg 1024w, https:\/\/mobilekaeserei.de\/wp-content\/uploads\/2020\/12\/Kaeseherstellung-300x198.jpg 300w, https:\/\/mobilekaeserei.de\/wp-content\/uploads\/2020\/12\/Kaeseherstellung-768x506.jpg 768w, https:\/\/mobilekaeserei.de\/wp-content\/uploads\/2020\/12\/Kaeseherstellung.jpg 1215w\" sizes=\"(max-width: 1024px) 100vw, 1024px\" \/><\/figure>\n<\/div>\n\n\n\n<div class=\"wp-block-column is-layout-flow wp-block-column-is-layout-flow\" style=\"flex-basis:54%\">\n<p>Etwa 90% der Milch gehen bei der K\u00e4seherstellung in Molke \u00fcber, die f\u00fcr die weitere K\u00e4seherstellung nicht ben\u00f6tigt wird. Sie ist mineralstoff- und eiwei\u00dfreich und sehr schmackhaft. Leider ist sie nur \u00fcber einen kurzen Zeitraum haltbar.<\/p>\n\n\n\n<p>Der Bruchwird in die typischen K\u00e4seformen abgef\u00fcllt, wo er weiter entmolkt. Jetzt k\u00f6nnen auch Kr\u00e4uter zugegeben werden. Mehrmaliges Wenden sorgt daf\u00fcr, dass der K\u00e4se sch\u00f6n gleichm\u00e4\u00dfig wird.&nbsp;Wenn das nach etwa 6h gelungen und alles wieder verstaut ist, treten wir den Heimweg an.<\/p>\n<\/div>\n<\/div>\n<\/div>\n<\/div>\n\n\n\n<div class=\"wp-block-columns is-layout-flex wp-container-core-columns-layout-7 wp-block-columns-is-layout-flex\">\n<div class=\"wp-block-column is-layout-flow wp-block-column-is-layout-flow\" style=\"flex-basis:100%\">\n<div class=\"wp-block-columns alignwide are-vertically-aligned-top is-layout-flex wp-container-core-columns-layout-6 wp-block-columns-is-layout-flex\">\n<div class=\"wp-block-column is-layout-flow wp-block-column-is-layout-flow\" style=\"flex-basis:46%\">\n<figure class=\"wp-block-image size-large\"><img loading=\"lazy\" decoding=\"async\" width=\"1024\" height=\"683\" src=\"https:\/\/mobilekaeserei.de\/wp-content\/uploads\/2021\/12\/K__7954_kaesepflege2-1-1024x683.jpg\" alt=\"\" class=\"wp-image-1020\" srcset=\"https:\/\/mobilekaeserei.de\/wp-content\/uploads\/2021\/12\/K__7954_kaesepflege2-1-1024x683.jpg 1024w, https:\/\/mobilekaeserei.de\/wp-content\/uploads\/2021\/12\/K__7954_kaesepflege2-1-300x200.jpg 300w, https:\/\/mobilekaeserei.de\/wp-content\/uploads\/2021\/12\/K__7954_kaesepflege2-1-768x512.jpg 768w, https:\/\/mobilekaeserei.de\/wp-content\/uploads\/2021\/12\/K__7954_kaesepflege2-1.jpg 1500w\" sizes=\"(max-width: 1024px) 100vw, 1024px\" \/><\/figure>\n<\/div>\n\n\n\n<div class=\"wp-block-column is-layout-flow wp-block-column-is-layout-flow\" style=\"flex-basis:54%\">\n<p>Nach dem Ausladen kommen die Laibe bis zu 72 Stunden in ein Salzbad. Anschlie\u00dfend reifen die Laibe auf Holzbrettern bei fortw\u00e4hrender Pflege aus. Anfangs t\u00e4glich, sp\u00e4ter in gr\u00f6\u00dferen Abst\u00e4nden, wird der K\u00e4se gewendet und mit Salzwasser und Reifungskulturen bestrichen. Mit der Zeit bekommen die Laibe ihre typische Rinde, die als Schutz dient und die Reifung im Inneren beg\u00fcnstigt.<\/p>\n\n\n\n<p>Je nach Reifedauer wird der K\u00e4se als jung oder alt bezeichnet und erh\u00e4lt den typischen Geschmack.&nbsp; Dabei wird der K\u00e4se mit zunehmendem Alter aromatischer, da die Reifungskulturen mehr Zeit haben, Eiwei\u00dfe um- und abzubauen.<\/p>\n\n\n\n<p><\/p>\n<\/div>\n<\/div>\n<\/div>\n<\/div>\n\n\n\n<div class=\"wp-block-cover alignfull has-parallax\" style=\"background-image:url(https:\/\/mobilekaeserei.de\/wp-content\/uploads\/2020\/12\/Reiferaum2.jpg);background-color:#000000;min-height:100vh\"><div class=\"wp-block-cover__inner-container is-layout-flow wp-block-cover-is-layout-flow\">\n<h2 class=\"alignwide has-white-color has-text-color wp-block-heading\" style=\"font-size:48px;line-height:1.2\"><strong>Noch Fragen?<\/strong><\/h2>\n\n\n\n<div class=\"wp-block-columns alignwide is-layout-flex wp-container-core-columns-layout-8 wp-block-columns-is-layout-flex\">\n<div class=\"wp-block-column is-layout-flow wp-block-column-is-layout-flow\" style=\"flex-basis:60%\">\n<p class=\"has-text-color\" style=\"color:#ffffff\">Gerne beraten wir Sie pers\u00f6nlich bei allen <br>Fragen rund um das Thema mobile K\u00e4serei.&nbsp;<\/p>\n\n\n\n<div class=\"wp-block-buttons is-layout-flex wp-block-buttons-is-layout-flex\">\n<div class=\"wp-block-button is-style-fill\"><a class=\"wp-block-button__link has-black-background-color has-text-color has-background\" href=\"mailto:info@mobilekaeserei.de\" style=\"color:#9bc1e4\">Kontakt<\/a><\/div>\n<\/div>\n<\/div>\n<\/div>\n<\/div><\/div>\n","protected":false},"excerpt":{"rendered":"<p>Vorbereitung zum K\u00e4sen Der K\u00e4se-LKW ben\u00f6tigt m\u00f6glichst einen sauberen und befestigten Stellplatz nahe der Milchkammer.Wichtig f\u00fcr den reibungsfreien Betrieb ist der Zugang zu Strom mit minimal 16A und im besten Fall 16A und 32A gleichzeitig. Der zur Verf\u00fcgung stehende Stromanschluss beeinflusst unmittelbar die Zeitdauer der Milcherw\u00e4rmung und damit die Dauer des K\u00e4sevorgangs insgesamt. Dar\u00fcber hinaus [&hellip;]<\/p>\n","protected":false},"author":1,"featured_media":0,"parent":0,"menu_order":0,"comment_status":"closed","ping_status":"closed","template":"","meta":{"site-sidebar-layout":"no-sidebar","site-content-layout":"default","ast-site-content-layout":"","site-content-style":"default","site-sidebar-style":"default","ast-global-header-display":"","ast-banner-title-visibility":"","ast-main-header-display":"","ast-hfb-above-header-display":"","ast-hfb-below-header-display":"","ast-hfb-mobile-header-display":"","site-post-title":"disabled","ast-breadcrumbs-content":"","ast-featured-img":"","footer-sml-layout":"","theme-transparent-header-meta":"disabled","adv-header-id-meta":"","stick-header-meta":"","header-above-stick-meta":"","header-main-stick-meta":"","header-below-stick-meta":"","astra-migrate-meta-layouts":"default","ast-page-background-enabled":"default","ast-page-background-meta":{"desktop":{"background-color":"","background-image":"","background-repeat":"repeat","background-position":"center center","background-size":"auto","background-attachment":"scroll","background-type":"","background-media":"","overlay-type":"","overlay-color":"","overlay-gradient":""},"tablet":{"background-color":"","background-image":"","background-repeat":"repeat","background-position":"center center","background-size":"auto","background-attachment":"scroll","background-type":"","background-media":"","overlay-type":"","overlay-color":"","overlay-gradient":""},"mobile":{"background-color":"","background-image":"","background-repeat":"repeat","background-position":"center center","background-size":"auto","background-attachment":"scroll","background-type":"","background-media":"","overlay-type":"","overlay-color":"","overlay-gradient":""}},"ast-content-background-meta":{"desktop":{"background-color":"var(--ast-global-color-5)","background-image":"","background-repeat":"repeat","background-position":"center center","background-size":"auto","background-attachment":"scroll","background-type":"","background-media":"","overlay-type":"","overlay-color":"","overlay-gradient":""},"tablet":{"background-color":"var(--ast-global-color-5)","background-image":"","background-repeat":"repeat","background-position":"center center","background-size":"auto","background-attachment":"scroll","background-type":"","background-media":"","overlay-type":"","overlay-color":"","overlay-gradient":""},"mobile":{"background-color":"var(--ast-global-color-5)","background-image":"","background-repeat":"repeat","background-position":"center center","background-size":"auto","background-attachment":"scroll","background-type":"","background-media":"","overlay-type":"","overlay-color":"","overlay-gradient":""}},"footnotes":""},"_links":{"self":[{"href":"https:\/\/mobilekaeserei.de\/index.php?rest_route=\/wp\/v2\/pages\/70"}],"collection":[{"href":"https:\/\/mobilekaeserei.de\/index.php?rest_route=\/wp\/v2\/pages"}],"about":[{"href":"https:\/\/mobilekaeserei.de\/index.php?rest_route=\/wp\/v2\/types\/page"}],"author":[{"embeddable":true,"href":"https:\/\/mobilekaeserei.de\/index.php?rest_route=\/wp\/v2\/users\/1"}],"replies":[{"embeddable":true,"href":"https:\/\/mobilekaeserei.de\/index.php?rest_route=%2Fwp%2Fv2%2Fcomments&post=70"}],"version-history":[{"count":66,"href":"https:\/\/mobilekaeserei.de\/index.php?rest_route=\/wp\/v2\/pages\/70\/revisions"}],"predecessor-version":[{"id":1028,"href":"https:\/\/mobilekaeserei.de\/index.php?rest_route=\/wp\/v2\/pages\/70\/revisions\/1028"}],"wp:attachment":[{"href":"https:\/\/mobilekaeserei.de\/index.php?rest_route=%2Fwp%2Fv2%2Fmedia&parent=70"}],"curies":[{"name":"wp","href":"https:\/\/api.w.org\/{rel}","templated":true}]}}