{"id":68,"date":"2020-09-23T10:08:18","date_gmt":"2020-09-23T10:08:18","guid":{"rendered":"http:\/\/mobilekaeserei.de\/?page_id=68"},"modified":"2021-11-03T11:57:54","modified_gmt":"2021-11-03T11:57:54","slug":"das-sind-wir","status":"publish","type":"page","link":"https:\/\/mobilekaeserei.de\/?page_id=68","title":{"rendered":"Das Team"},"content":{"rendered":"\n<figure class=\"wp-block-image alignfull size-full\"><img fetchpriority=\"high\" decoding=\"async\" width=\"1920\" height=\"506\" src=\"https:\/\/mobilekaeserei.de\/wp-content\/uploads\/2021\/11\/211102_Header_DasTeam.jpg\" alt=\"\" class=\"wp-image-714\" srcset=\"https:\/\/mobilekaeserei.de\/wp-content\/uploads\/2021\/11\/211102_Header_DasTeam.jpg 1920w, https:\/\/mobilekaeserei.de\/wp-content\/uploads\/2021\/11\/211102_Header_DasTeam-300x79.jpg 300w, https:\/\/mobilekaeserei.de\/wp-content\/uploads\/2021\/11\/211102_Header_DasTeam-1024x270.jpg 1024w, https:\/\/mobilekaeserei.de\/wp-content\/uploads\/2021\/11\/211102_Header_DasTeam-768x202.jpg 768w, https:\/\/mobilekaeserei.de\/wp-content\/uploads\/2021\/11\/211102_Header_DasTeam-1536x405.jpg 1536w\" sizes=\"(max-width: 1920px) 100vw, 1920px\" \/><\/figure>\n\n\n\n<div style=\"height:100px\" aria-hidden=\"true\" class=\"wp-block-spacer\"><\/div>\n\n\n<h2 style=\"text-align: left;\">Das Team<\/h2>\n<p><\/p>\n\n\n<div class=\"wp-block-columns is-layout-flex wp-container-core-columns-layout-1 wp-block-columns-is-layout-flex\">\n<div class=\"wp-block-column is-layout-flow wp-block-column-is-layout-flow\" style=\"flex-basis:15%\">\n<figure class=\"wp-block-image is-resized\"><img decoding=\"async\" src=\"https:\/\/mobilekaeserei.de\/wp-content\/uploads\/2021\/11\/Icons_Zeichenfla\u0308che-1.png\" alt=\"\" class=\"wp-image-743\" width=\"150\" height=\"151\"\/><\/figure>\n<\/div>\n\n\n\n<div class=\"wp-block-column is-layout-flow wp-block-column-is-layout-flow\" style=\"flex-basis:85%\">\n<p><\/p>\n\n\n\n<p class=\"has-medium-font-size\"><strong>Anja Hansen,<\/strong> Dipl. Biologin<br><em>\u201eMir gef\u00e4llt es die verschiedenen<\/em> <em>H\u00f6fe kennenzulernen, und ich<\/em><br><em>finde es faszinierend zu sehen,<\/em> <em>wie aus Milch K\u00e4se wird.\u201c<\/em><\/p>\n<\/div>\n<\/div>\n\n\n\n<div class=\"wp-block-columns is-layout-flex wp-container-core-columns-layout-2 wp-block-columns-is-layout-flex\">\n<div class=\"wp-block-column is-layout-flow wp-block-column-is-layout-flow\" style=\"flex-basis:15%\">\n<figure class=\"wp-block-image size-full is-resized\"><img decoding=\"async\" src=\"https:\/\/mobilekaeserei.de\/wp-content\/uploads\/2021\/11\/Icons_Zeichenfla\u0308che-1-Kopie.png\" alt=\"\" class=\"wp-image-742\" width=\"145\" height=\"148\"\/><\/figure>\n<\/div>\n\n\n\n<div class=\"wp-block-column is-layout-flow wp-block-column-is-layout-flow\" style=\"flex-basis:85%\">\n<p><\/p>\n\n\n\n<p class=\"has-medium-font-size\"><strong><strong>Henriette Gaede,<\/strong> B.Sc. Agrar<br><\/strong><em>\u201eIch finde es spannend, den<\/em> <em>Landwirten eine neue<\/em> <em>Perspektive der<\/em> <br><em>Direktvermarktung zu er\u00f6ffnen<\/em> <em>und bei den Verbrauchern das<\/em> <em>Interesse <\/em><br><em>zu wecken, woher Ihr<\/em> <em>Lebensmittel stammt.\u201c<\/em><\/p>\n<\/div>\n<\/div>\n\n\n\n<p><\/p>\n\n\n\n<h2 class=\"wp-block-heading\">Wir sind:<\/h2>\n\n\n\n<p>Henriette Gaede und Anja Hansen von der Mobilen K\u00e4serei Kentzlin.<\/p>\n\n\n\n<p>Im Mai 2019 haben wir uns zusammengetan, um die Mobile K\u00e4serei Wirklichkeit werden zulassen. <br>Insgesamt sind wir: Friedrich und Charlotte von Waldthausen, Anja Hansen und Henriette Gaede.<\/p>\n\n\n\n<p>Anja und Henriette leisten hierbei den praktischen Teil und \u00fcbernehmen alle Arbeiten rund um die K\u00e4serei im Hauptberuf. Die Reifer\u00e4ume und damit der Firmensitz liegen auf dem Hof der Familie von Waldthausen, Friedrich \u00fcbernimmt die Aufgabe des Gesch\u00e4ftsf\u00fchrers unserer GmbH. Nach l\u00e4ngerer Planungs- und Bauphase gehen wir nun an die Arbeit und freuen uns, Ihnen die handwerkliche K\u00e4seherstellung im l\u00e4ndlichen Raum als Dienstleistung anbieten zu k\u00f6nnen.<\/p>\n\n\n\n<div style=\"height:100px\" aria-hidden=\"true\" class=\"wp-block-spacer\"><\/div>\n\n\n\n<div class=\"wp-block-cover alignfull has-parallax\" style=\"background-image:url(https:\/\/mobilekaeserei.de\/wp-content\/uploads\/2021\/11\/Henriette.jpg);background-color:#000000;min-height:100vh\"><div class=\"wp-block-cover__inner-container is-layout-flow wp-block-cover-is-layout-flow\">\n<p class=\"has-text-align-center has-large-font-size\"><\/p>\n<\/div><\/div>\n","protected":false},"excerpt":{"rendered":"<p>Das Team Anja Hansen, Dipl. Biologin\u201eMir gef\u00e4llt es die verschiedenen H\u00f6fe kennenzulernen, und ichfinde es faszinierend zu sehen, wie aus Milch K\u00e4se wird.\u201c Henriette Gaede, B.Sc. Agrar\u201eIch finde es spannend, den Landwirten eine neue Perspektive der Direktvermarktung zu er\u00f6ffnen und bei den Verbrauchern das Interesse zu wecken, woher Ihr Lebensmittel stammt.\u201c Wir sind: Henriette Gaede [&hellip;]<\/p>\n","protected":false},"author":1,"featured_media":0,"parent":0,"menu_order":0,"comment_status":"closed","ping_status":"closed","template":"","meta":{"site-sidebar-layout":"no-sidebar","site-content-layout":"default","ast-site-content-layout":"","site-content-style":"default","site-sidebar-style":"default","ast-global-header-display":"","ast-banner-title-visibility":"","ast-main-header-display":"","ast-hfb-above-header-display":"","ast-hfb-below-header-display":"","ast-hfb-mobile-header-display":"","site-post-title":"disabled","ast-breadcrumbs-content":"","ast-featured-img":"","footer-sml-layout":"","theme-transparent-header-meta":"disabled","adv-header-id-meta":"","stick-header-meta":"","header-above-stick-meta":"","header-main-stick-meta":"","header-below-stick-meta":"","astra-migrate-meta-layouts":"default","ast-page-background-enabled":"default","ast-page-background-meta":{"desktop":{"background-color":"","background-image":"","background-repeat":"repeat","background-position":"center center","background-size":"auto","background-attachment":"scroll","background-type":"","background-media":"","overlay-type":"","overlay-color":"","overlay-gradient":""},"tablet":{"background-color":"","background-image":"","background-repeat":"repeat","background-position":"center center","background-size":"auto","background-attachment":"scroll","background-type":"","background-media":"","overlay-type":"","overlay-color":"","overlay-gradient":""},"mobile":{"background-color":"","background-image":"","background-repeat":"repeat","background-position":"center center","background-size":"auto","background-attachment":"scroll","background-type":"","background-media":"","overlay-type":"","overlay-color":"","overlay-gradient":""}},"ast-content-background-meta":{"desktop":{"background-color":"var(--ast-global-color-5)","background-image":"","background-repeat":"repeat","background-position":"center center","background-size":"auto","background-attachment":"scroll","background-type":"","background-media":"","overlay-type":"","overlay-color":"","overlay-gradient":""},"tablet":{"background-color":"var(--ast-global-color-5)","background-image":"","background-repeat":"repeat","background-position":"center center","background-size":"auto","background-attachment":"scroll","background-type":"","background-media":"","overlay-type":"","overlay-color":"","overlay-gradient":""},"mobile":{"background-color":"var(--ast-global-color-5)","background-image":"","background-repeat":"repeat","background-position":"center center","background-size":"auto","background-attachment":"scroll","background-type":"","background-media":"","overlay-type":"","overlay-color":"","overlay-gradient":""}},"footnotes":""},"_links":{"self":[{"href":"https:\/\/mobilekaeserei.de\/index.php?rest_route=\/wp\/v2\/pages\/68"}],"collection":[{"href":"https:\/\/mobilekaeserei.de\/index.php?rest_route=\/wp\/v2\/pages"}],"about":[{"href":"https:\/\/mobilekaeserei.de\/index.php?rest_route=\/wp\/v2\/types\/page"}],"author":[{"embeddable":true,"href":"https:\/\/mobilekaeserei.de\/index.php?rest_route=\/wp\/v2\/users\/1"}],"replies":[{"embeddable":true,"href":"https:\/\/mobilekaeserei.de\/index.php?rest_route=%2Fwp%2Fv2%2Fcomments&post=68"}],"version-history":[{"count":62,"href":"https:\/\/mobilekaeserei.de\/index.php?rest_route=\/wp\/v2\/pages\/68\/revisions"}],"predecessor-version":[{"id":789,"href":"https:\/\/mobilekaeserei.de\/index.php?rest_route=\/wp\/v2\/pages\/68\/revisions\/789"}],"wp:attachment":[{"href":"https:\/\/mobilekaeserei.de\/index.php?rest_route=%2Fwp%2Fv2%2Fmedia&parent=68"}],"curies":[{"name":"wp","href":"https:\/\/api.w.org\/{rel}","templated":true}]}}