{"id":666,"date":"2021-11-02T13:35:54","date_gmt":"2021-11-02T13:35:54","guid":{"rendered":"https:\/\/mobilekaeserei.de\/?page_id=666"},"modified":"2021-11-03T09:53:27","modified_gmt":"2021-11-03T09:53:27","slug":"unsere-unterstuetzer","status":"publish","type":"page","link":"https:\/\/mobilekaeserei.de\/?page_id=666","title":{"rendered":"Unsere Unterst\u00fctzer:innen"},"content":{"rendered":"\n<figure class=\"wp-block-image alignfull\"><img fetchpriority=\"high\" decoding=\"async\" width=\"2560\" height=\"676\" src=\"https:\/\/mobilekaeserei.de\/wp-content\/uploads\/2021\/11\/211102_Header_Unterstuetzung_Zeichenfla\u0308che-1-Kopie-2-scaled.jpg\" alt=\"\" class=\"wp-image-679\" srcset=\"https:\/\/mobilekaeserei.de\/wp-content\/uploads\/2021\/11\/211102_Header_Unterstuetzung_Zeichenfla\u0308che-1-Kopie-2-scaled.jpg 2560w, https:\/\/mobilekaeserei.de\/wp-content\/uploads\/2021\/11\/211102_Header_Unterstuetzung_Zeichenfla\u0308che-1-Kopie-2-300x79.jpg 300w, https:\/\/mobilekaeserei.de\/wp-content\/uploads\/2021\/11\/211102_Header_Unterstuetzung_Zeichenfla\u0308che-1-Kopie-2-1024x270.jpg 1024w, https:\/\/mobilekaeserei.de\/wp-content\/uploads\/2021\/11\/211102_Header_Unterstuetzung_Zeichenfla\u0308che-1-Kopie-2-768x203.jpg 768w, https:\/\/mobilekaeserei.de\/wp-content\/uploads\/2021\/11\/211102_Header_Unterstuetzung_Zeichenfla\u0308che-1-Kopie-2-1536x406.jpg 1536w, https:\/\/mobilekaeserei.de\/wp-content\/uploads\/2021\/11\/211102_Header_Unterstuetzung_Zeichenfla\u0308che-1-Kopie-2-2048x541.jpg 2048w\" sizes=\"(max-width: 2560px) 100vw, 2560px\" \/><\/figure>\n\n\n\n<p><\/p>\n\n\n\n<div style=\"height:100px\" aria-hidden=\"true\" class=\"wp-block-spacer\"><\/div>\n\n\n\n<h2 class=\"wp-block-heading\">GEF\u00d6RDERT DURCH:<\/h2>\n\n\n\n<div class=\"wp-block-columns is-layout-flex wp-container-core-columns-layout-1 wp-block-columns-is-layout-flex\">\n<div class=\"wp-block-column is-layout-flow wp-block-column-is-layout-flow\">\n<figure class=\"wp-block-image size-full is-resized\"><img decoding=\"async\" src=\"https:\/\/mobilekaeserei.de\/wp-content\/uploads\/2021\/11\/Foerderbilder-1024x674-1.jpg\" alt=\"\" class=\"wp-image-667\" width=\"282\" height=\"185\" srcset=\"https:\/\/mobilekaeserei.de\/wp-content\/uploads\/2021\/11\/Foerderbilder-1024x674-1.jpg 1024w, https:\/\/mobilekaeserei.de\/wp-content\/uploads\/2021\/11\/Foerderbilder-1024x674-1-300x197.jpg 300w, https:\/\/mobilekaeserei.de\/wp-content\/uploads\/2021\/11\/Foerderbilder-1024x674-1-768x506.jpg 768w\" sizes=\"(max-width: 282px) 100vw, 282px\" \/><figcaption><br>Europ\u00e4ischer Landwirtschaftsfonds f\u00fcr <br>die Entwicklung des l\u00e4ndlichen Raums:<br>Hier investiert Europa in die <br>l\u00e4ndlichen Gebiete.<\/figcaption><\/figure>\n<\/div>\n\n\n\n<div class=\"wp-block-column is-layout-flow wp-block-column-is-layout-flow\">\n<figure class=\"wp-block-image size-full is-resized\"><img decoding=\"async\" src=\"https:\/\/mobilekaeserei.de\/wp-content\/uploads\/2021\/11\/Logo_ELER-1.jpg\" alt=\"\" class=\"wp-image-672\" width=\"307\" height=\"190\" srcset=\"https:\/\/mobilekaeserei.de\/wp-content\/uploads\/2021\/11\/Logo_ELER-1.jpg 638w, https:\/\/mobilekaeserei.de\/wp-content\/uploads\/2021\/11\/Logo_ELER-1-300x186.jpg 300w\" sizes=\"(max-width: 307px) 100vw, 307px\" \/><figcaption><br>Europ\u00e4ische Fonds in<br>Mecklenburg-Vorpommern<\/figcaption><\/figure>\n<\/div>\n\n\n\n<div class=\"wp-block-column is-layout-flow wp-block-column-is-layout-flow\"><\/div>\n<\/div>\n\n\n\n<div class=\"wp-block-columns is-layout-flex wp-container-core-columns-layout-2 wp-block-columns-is-layout-flex\">\n<div class=\"wp-block-column is-layout-flow wp-block-column-is-layout-flow\">\n<figure class=\"wp-block-image size-full\"><img loading=\"lazy\" decoding=\"async\" width=\"224\" height=\"225\" src=\"https:\/\/mobilekaeserei.de\/wp-content\/uploads\/2021\/11\/Leader.jpg\" alt=\"\" class=\"wp-image-729\" srcset=\"https:\/\/mobilekaeserei.de\/wp-content\/uploads\/2021\/11\/Leader.jpg 224w, https:\/\/mobilekaeserei.de\/wp-content\/uploads\/2021\/11\/Leader-150x150.jpg 150w\" sizes=\"(max-width: 224px) 100vw, 224px\" \/><figcaption><br>Ma\u00dfnahme 19.2 Umsetzung der <br>Strategien f\u00fcr lokale Entwicklung <br>mit dem Schwerpunkt 6B <br>F\u00f6rderung der lokalen Entwicklung <br>in l\u00e4ndlichen Gebieten<\/figcaption><\/figure>\n<\/div>\n\n\n\n<div class=\"wp-block-column is-layout-flow wp-block-column-is-layout-flow\">\n<figure class=\"wp-block-image size-full is-resized\"><img loading=\"lazy\" decoding=\"async\" src=\"https:\/\/mobilekaeserei.de\/wp-content\/uploads\/2021\/11\/download.png\" alt=\"\" class=\"wp-image-730\" width=\"258\" height=\"229\"\/><figcaption><br>Unser Projekt<br>\u201cRegioanalnetzwerk K\u00e4se\u201d <br>wird vom ESF unterst\u00fctzt<\/figcaption><\/figure>\n<\/div>\n\n\n\n<div class=\"wp-block-column is-layout-flow wp-block-column-is-layout-flow\"><\/div>\n<\/div>\n\n\n\n<div class=\"wp-block-columns is-layout-flex wp-container-core-columns-layout-3 wp-block-columns-is-layout-flex\">\n<div class=\"wp-block-column is-layout-flow wp-block-column-is-layout-flow\">\n<figure class=\"wp-block-image size-full\"><img loading=\"lazy\" decoding=\"async\" width=\"220\" height=\"357\" src=\"https:\/\/mobilekaeserei.de\/wp-content\/uploads\/2021\/11\/mitgliedsplakat01_220_px.gif\" alt=\"\" class=\"wp-image-671\"\/><figcaption><br>Verband f\u00fcr handwerkliche<br>Milchverarbeitung<\/figcaption><\/figure>\n<\/div>\n\n\n\n<div class=\"wp-block-column is-layout-flow wp-block-column-is-layout-flow\">\n<figure class=\"wp-block-image size-full is-resized\"><img loading=\"lazy\" decoding=\"async\" src=\"https:\/\/mobilekaeserei.de\/wp-content\/uploads\/2021\/11\/logo-rb_Mecklenburg-Vorpommern_mitglied_.png\" alt=\"\" class=\"wp-image-670\" width=\"235\" height=\"351\" srcset=\"https:\/\/mobilekaeserei.de\/wp-content\/uploads\/2021\/11\/logo-rb_Mecklenburg-Vorpommern_mitglied_.png 296w, https:\/\/mobilekaeserei.de\/wp-content\/uploads\/2021\/11\/logo-rb_Mecklenburg-Vorpommern_mitglied_-200x300.png 200w\" sizes=\"(max-width: 235px) 100vw, 235px\" \/><figcaption><br>Die Regional Bewegung<br>Mecklenburg-Vorpommern<\/figcaption><\/figure>\n<\/div>\n\n\n\n<div class=\"wp-block-column is-layout-flow wp-block-column-is-layout-flow\"><\/div>\n<\/div>\n\n\n\n<div class=\"wp-block-columns is-layout-flex wp-container-core-columns-layout-4 wp-block-columns-is-layout-flex\">\n<div class=\"wp-block-column is-layout-flow wp-block-column-is-layout-flow\">\n<figure class=\"wp-block-image size-large is-resized\"><img loading=\"lazy\" decoding=\"async\" src=\"https:\/\/mobilekaeserei.de\/wp-content\/uploads\/2020\/09\/MV-Logo-1024x853.jpg\" alt=\"\" class=\"wp-image-141\" width=\"253\" height=\"210\" srcset=\"https:\/\/mobilekaeserei.de\/wp-content\/uploads\/2020\/09\/MV-Logo-1024x853.jpg 1024w, https:\/\/mobilekaeserei.de\/wp-content\/uploads\/2020\/09\/MV-Logo-300x250.jpg 300w, https:\/\/mobilekaeserei.de\/wp-content\/uploads\/2020\/09\/MV-Logo-768x640.jpg 768w, https:\/\/mobilekaeserei.de\/wp-content\/uploads\/2020\/09\/MV-Logo-676x563.jpg 676w\" sizes=\"(max-width: 253px) 100vw, 253px\" \/><figcaption>Das Projekt wurde aus Mitteln<br>des Vorpommern-Fonds<br>gef\u00f6rdert.<\/figcaption><\/figure>\n<\/div>\n\n\n\n<div class=\"wp-block-column is-layout-flow wp-block-column-is-layout-flow\"><\/div>\n\n\n\n<div class=\"wp-block-column is-layout-flow wp-block-column-is-layout-flow\"><\/div>\n<\/div>\n\n\n\n<div style=\"height:100px\" aria-hidden=\"true\" class=\"wp-block-spacer\"><\/div>\n\n\n\n<p><\/p>\n\n\n\n<p><\/p>\n","protected":false},"excerpt":{"rendered":"<p>GEF\u00d6RDERT DURCH:<\/p>\n","protected":false},"author":1,"featured_media":0,"parent":0,"menu_order":0,"comment_status":"closed","ping_status":"closed","template":"","meta":{"site-sidebar-layout":"default","site-content-layout":"default","ast-site-content-layout":"","site-content-style":"default","site-sidebar-style":"default","ast-global-header-display":"","ast-banner-title-visibility":"","ast-main-header-display":"","ast-hfb-above-header-display":"","ast-hfb-below-header-display":"","ast-hfb-mobile-header-display":"","site-post-title":"","ast-breadcrumbs-content":"","ast-featured-img":"","footer-sml-layout":"","theme-transparent-header-meta":"default","adv-header-id-meta":"","stick-header-meta":"","header-above-stick-meta":"","header-main-stick-meta":"","header-below-stick-meta":"","astra-migrate-meta-layouts":"default","ast-page-background-enabled":"default","ast-page-background-meta":{"desktop":{"background-color":"","background-image":"","background-repeat":"repeat","background-position":"center center","background-size":"auto","background-attachment":"scroll","background-type":"","background-media":"","overlay-type":"","overlay-color":"","overlay-gradient":""},"tablet":{"background-color":"","background-image":"","background-repeat":"repeat","background-position":"center center","background-size":"auto","background-attachment":"scroll","background-type":"","background-media":"","overlay-type":"","overlay-color":"","overlay-gradient":""},"mobile":{"background-color":"","background-image":"","background-repeat":"repeat","background-position":"center center","background-size":"auto","background-attachment":"scroll","background-type":"","background-media":"","overlay-type":"","overlay-color":"","overlay-gradient":""}},"ast-content-background-meta":{"desktop":{"background-color":"var(--ast-global-color-5)","background-image":"","background-repeat":"repeat","background-position":"center center","background-size":"auto","background-attachment":"scroll","background-type":"","background-media":"","overlay-type":"","overlay-color":"","overlay-gradient":""},"tablet":{"background-color":"var(--ast-global-color-5)","background-image":"","background-repeat":"repeat","background-position":"center center","background-size":"auto","background-attachment":"scroll","background-type":"","background-media":"","overlay-type":"","overlay-color":"","overlay-gradient":""},"mobile":{"background-color":"var(--ast-global-color-5)","background-image":"","background-repeat":"repeat","background-position":"center center","background-size":"auto","background-attachment":"scroll","background-type":"","background-media":"","overlay-type":"","overlay-color":"","overlay-gradient":""}},"footnotes":""},"_links":{"self":[{"href":"https:\/\/mobilekaeserei.de\/index.php?rest_route=\/wp\/v2\/pages\/666"}],"collection":[{"href":"https:\/\/mobilekaeserei.de\/index.php?rest_route=\/wp\/v2\/pages"}],"about":[{"href":"https:\/\/mobilekaeserei.de\/index.php?rest_route=\/wp\/v2\/types\/page"}],"author":[{"embeddable":true,"href":"https:\/\/mobilekaeserei.de\/index.php?rest_route=\/wp\/v2\/users\/1"}],"replies":[{"embeddable":true,"href":"https:\/\/mobilekaeserei.de\/index.php?rest_route=%2Fwp%2Fv2%2Fcomments&post=666"}],"version-history":[{"count":10,"href":"https:\/\/mobilekaeserei.de\/index.php?rest_route=\/wp\/v2\/pages\/666\/revisions"}],"predecessor-version":[{"id":948,"href":"https:\/\/mobilekaeserei.de\/index.php?rest_route=\/wp\/v2\/pages\/666\/revisions\/948"}],"wp:attachment":[{"href":"https:\/\/mobilekaeserei.de\/index.php?rest_route=%2Fwp%2Fv2%2Fmedia&parent=666"}],"curies":[{"name":"wp","href":"https:\/\/api.w.org\/{rel}","templated":true}]}}