{"id":263,"date":"2020-12-14T16:46:56","date_gmt":"2020-12-14T16:46:56","guid":{"rendered":"http:\/\/mobilekaeserei.de\/?page_id=263"},"modified":"2025-02-20T21:18:55","modified_gmt":"2025-02-20T21:18:55","slug":"herzlich-willkommen","status":"publish","type":"page","link":"https:\/\/mobilekaeserei.de\/","title":{"rendered":""},"content":{"rendered":"\n<div style=\"height:100px\" aria-hidden=\"true\" class=\"wp-block-spacer\"><\/div>\n\n\n\n<figure class=\"wp-block-image alignfull\"><img fetchpriority=\"high\" decoding=\"async\" width=\"2560\" height=\"758\" src=\"https:\/\/mobilekaeserei.de\/wp-content\/uploads\/2021\/12\/Main_Header_new_Zeichenfla\u0308che-1-Kopie-8-scaled.jpg\" alt=\"\" class=\"wp-image-966\" srcset=\"https:\/\/mobilekaeserei.de\/wp-content\/uploads\/2021\/12\/Main_Header_new_Zeichenfla\u0308che-1-Kopie-8-scaled.jpg 2560w, https:\/\/mobilekaeserei.de\/wp-content\/uploads\/2021\/12\/Main_Header_new_Zeichenfla\u0308che-1-Kopie-8-300x89.jpg 300w, https:\/\/mobilekaeserei.de\/wp-content\/uploads\/2021\/12\/Main_Header_new_Zeichenfla\u0308che-1-Kopie-8-1024x303.jpg 1024w, https:\/\/mobilekaeserei.de\/wp-content\/uploads\/2021\/12\/Main_Header_new_Zeichenfla\u0308che-1-Kopie-8-768x227.jpg 768w, https:\/\/mobilekaeserei.de\/wp-content\/uploads\/2021\/12\/Main_Header_new_Zeichenfla\u0308che-1-Kopie-8-1536x455.jpg 1536w, https:\/\/mobilekaeserei.de\/wp-content\/uploads\/2021\/12\/Main_Header_new_Zeichenfla\u0308che-1-Kopie-8-2048x606.jpg 2048w\" sizes=\"(max-width: 2560px) 100vw, 2560px\" \/><\/figure>\n\n\n\n<div style=\"height:100px\" aria-hidden=\"true\" class=\"wp-block-spacer\"><\/div>\n\n\n\n<h1 class=\"wp-block-heading\">Herzlich Willkommen!<\/h1>\n\n\n\t\t<div class='wp-block-scb-sound-cloud soundcloudstart align' id='scbSoundCloud-c09cde7c-4' data-attributes='{&quot;cId&quot;:&quot;c09cde7c-4&quot;,&quot;tracks&quot;:[{&quot;url&quot;:&quot;https:\\\/\\\/soundcloud.com\\\/weitesfeldpodcast\\\/podcast-weites-feld-1-mobile-kaserei-kentzlin&quot;,&quot;startTrack&quot;:0}],&quot;options&quot;:{&quot;isAutoPlay&quot;:false,&quot;color&quot;:&quot;#f50&quot;,&quot;isBuying&quot;:false,&quot;isSharing&quot;:false,&quot;isDownload&quot;:false,&quot;isArtWork&quot;:false,&quot;isPlayCount&quot;:false,&quot;isUser&quot;:false,&quot;isSingleActive&quot;:false,&quot;isComments&quot;:false,&quot;isVisual&quot;:false,&quot;isTeaser&quot;:false,&quot;isHideRelated&quot;:false},&quot;iframeStyle&quot;:{&quot;width&quot;:&quot;400px&quot;,&quot;height&quot;:&quot;150px&quot;},&quot;frameBorder&quot;:{&quot;style&quot;:&quot;none&quot;,&quot;width&quot;:&quot;0px&quot;},&quot;frameBRadius&quot;:{&quot;top&quot;:&quot;0px&quot;,&quot;bottom&quot;:&quot;0px&quot;,&quot;left&quot;:&quot;0px&quot;,&quot;right&quot;:&quot;0px&quot;},&quot;className&quot;:&quot;soundcloudstart&quot;,&quot;alignment&quot;:&quot;center&quot;,&quot;align&quot;:&quot;&quot;,&quot;frameBoxShadow&quot;:[]}'><\/div>\n\n\t\t\n\n\n<div class=\"wp-block-columns is-layout-flex wp-container-core-columns-layout-1 wp-block-columns-is-layout-flex\">\n<div class=\"wp-block-column is-layout-flow wp-block-column-is-layout-flow\" style=\"flex-basis:66.66%\">\n<p>Wir freuen uns, Sie auf der Homepage der Mobilen K\u00e4serei Kentzlin zu begr\u00fc\u00dfen!<\/p>\n\n\n\n<p><strong>Sind Sie Landwirt und interessiert eigenen K\u00e4se herstellen zu lassen?<\/strong><br>Dann sind Sie bei uns richtig. Mit unserer mobilen K\u00e4serei machen wir mehr aus Ihrer Milch. Wir verarbeiten sie direkt auf Ihrem Hof zu K\u00e4se. Zum Reifen geht es nach Kentzlin.<\/p>\n\n\n\n<p><strong>Sind Sie K\u00e4seliebhaber und m\u00f6chten neue, aufregende K\u00e4sesorten kennenlernen ?<\/strong><br>Dann k\u00f6nnen Sie gern auf Anfrage bei uns K\u00e4se probieren, unsere K\u00e4serei besichtigen oder eine Verkostung f\u00fcr mehrere Personen buchen. Ausserdem gibt es K\u00e4se ab Hof an unserem Standort. Unter &#8222;<a href=\"https:\/\/mobilekaeserei.de\/?page_id=72\" data-type=\"page\" data-id=\"72\">unser Angebot<\/a>&#8220; finden Sie eine Sorten\u00fcbersicht und unsere K\u00e4sepakete zur Bestellung.<\/p>\n\n\n\n<p><strong>Sind Sie Wiederverk\u00e4ufer und suchen nach einer Erg\u00e4nzung ihres Sortiments?<\/strong><br>Unser K\u00e4se ist regional, individuell und immer etwas Besonderes, denn er wird direkt auf den H\u00f6fen aus frisch gemolkener Milch produziert . Gemeinsam finden wir sicher das passende Produkt f\u00fcr Sie.<\/p>\n\n\n\n<p>Wir beraten Sie gern pers\u00f6nlich bei Fragen rund um das Thema (mobile) K\u00e4seherstellung und K\u00e4severmarktung.&nbsp;<\/p>\n\n\n\n<p>telefonisch:<br><img decoding=\"async\" src=\"https:\/\/mobilekaeserei.de\/wp-content\/uploads\/2021\/11\/Icon_Telefon_Zeichenfla\u0308che-1-Kopie-2.png\" alt=\"\" width=\"20\" height=\"28\">&nbsp;<a href=\"tel:01636908133\">0163-69 08 133<\/a><br>oder per mail:<br><img decoding=\"async\" src=\"https:\/\/mobilekaeserei.de\/wp-content\/uploads\/2021\/11\/Icon_mail_Zeichenfla\u0308che-1-Kopie-3.png\" alt=\"\" width=\"19\" height=\"20\">&nbsp;<a href=\"mailto:info@mobilekaeserei.de\" target=\"_blank\" rel=\"noreferrer noopener\">info@mobilekaeserei.de<\/a><\/p>\n\n\n\n<p>und auch bei Instagram:<br><img loading=\"lazy\" decoding=\"async\" src=\"https:\/\/mobilekaeserei.de\/wp-content\/uploads\/2021\/11\/Icon_Insta_Zeichenfla\u0308che-1-Kopie-4.png\" alt=\"\" width=\"19\" height=\"20\">&nbsp;<a href=\"https:\/\/www.instagram.com\/mobilekaeserei\/\" target=\"_blank\" rel=\"noreferrer noopener\">#mobilekaeserei<\/a><\/p>\n<\/div>\n\n\n\n<div class=\"wp-block-column is-layout-flow wp-block-column-is-layout-flow\" style=\"flex-basis:33.33%\">\n<h2 class=\"wp-block-heading has-text-align-left\">K\u00e4se ab Hof<\/h2>\n\n\n\n<p>\n<b>Donnerstag<\/b><br>16:00 &#8211; 18:00 Uhr<br><b>Samstag<\/b><br>10:00 &#8211; 12:00 Uhr<\/p>\n\n\n\n<h2 class=\"wp-block-heading has-text-align-left\">Unser Angebot<\/h2>\n\n\n\n<p class=\"has-text-align-left\">zum Download: <a href=\"https:\/\/mobilekaeserei.de\/wp-content\/uploads\/2025\/02\/231010_Einlegeflyer.pdf\" target=\"_blank\" rel=\"noreferrer noopener\">Flyer<\/a><\/p>\n<\/div>\n<\/div>\n\n\n\n<div style=\"height:100px\" aria-hidden=\"true\" class=\"wp-block-spacer\"><\/div>\n\n\n\n<p><\/p>\n\n\n\n<div class=\"wp-block-cover alignfull is-light has-parallax\" style=\"min-height:100vh\"><span aria-hidden=\"true\" class=\"wp-block-cover__background has-background-dim-0 has-background-dim\" style=\"background-color:#000000\"><\/span><div role=\"img\" class=\"wp-block-cover__image-background wp-image-256 has-parallax\" style=\"background-position:50% 50%;background-image:url(https:\/\/mobilekaeserei.de\/wp-content\/uploads\/2020\/12\/BannerKaeserei.jpg)\"><\/div><div class=\"wp-block-cover__inner-container is-layout-flow wp-block-cover-is-layout-flow\">\n<p class=\"has-text-align-center has-large-font-size\"><\/p>\n<\/div><\/div>\n\n\n\n<h2 class=\"wp-block-heading\"><\/h2>\n","protected":false},"excerpt":{"rendered":"<p>Herzlich Willkommen! Wir freuen uns, Sie auf der Homepage der Mobilen K\u00e4serei Kentzlin zu begr\u00fc\u00dfen! Sind Sie Landwirt und interessiert eigenen K\u00e4se herstellen zu lassen?Dann sind Sie bei uns richtig. Mit unserer mobilen K\u00e4serei machen wir mehr aus Ihrer Milch. Wir verarbeiten sie direkt auf Ihrem Hof zu K\u00e4se. Zum Reifen geht es nach Kentzlin. [&hellip;]<\/p>\n","protected":false},"author":1,"featured_media":0,"parent":0,"menu_order":0,"comment_status":"closed","ping_status":"closed","template":"","meta":{"site-sidebar-layout":"no-sidebar","site-content-layout":"plain-container","ast-site-content-layout":"normal-width-container","site-content-style":"unboxed","site-sidebar-style":"unboxed","ast-global-header-display":"","ast-banner-title-visibility":"","ast-main-header-display":"","ast-hfb-above-header-display":"","ast-hfb-below-header-display":"","ast-hfb-mobile-header-display":"","site-post-title":"disabled","ast-breadcrumbs-content":"","ast-featured-img":"","footer-sml-layout":"","theme-transparent-header-meta":"enabled","adv-header-id-meta":"","stick-header-meta":"","header-above-stick-meta":"","header-main-stick-meta":"","header-below-stick-meta":"","astra-migrate-meta-layouts":"set","ast-page-background-enabled":"default","ast-page-background-meta":{"desktop":{"background-color":"","background-image":"","background-repeat":"repeat","background-position":"center center","background-size":"auto","background-attachment":"scroll","background-type":"","background-media":"","overlay-type":"","overlay-color":"","overlay-gradient":""},"tablet":{"background-color":"","background-image":"","background-repeat":"repeat","background-position":"center center","background-size":"auto","background-attachment":"scroll","background-type":"","background-media":"","overlay-type":"","overlay-color":"","overlay-gradient":""},"mobile":{"background-color":"","background-image":"","background-repeat":"repeat","background-position":"center center","background-size":"auto","background-attachment":"scroll","background-type":"","background-media":"","overlay-type":"","overlay-color":"","overlay-gradient":""}},"ast-content-background-meta":{"desktop":{"background-color":"var(--ast-global-color-5)","background-image":"","background-repeat":"repeat","background-position":"center center","background-size":"auto","background-attachment":"scroll","background-type":"","background-media":"","overlay-type":"","overlay-color":"","overlay-gradient":""},"tablet":{"background-color":"var(--ast-global-color-5)","background-image":"","background-repeat":"repeat","background-position":"center center","background-size":"auto","background-attachment":"scroll","background-type":"","background-media":"","overlay-type":"","overlay-color":"","overlay-gradient":""},"mobile":{"background-color":"var(--ast-global-color-5)","background-image":"","background-repeat":"repeat","background-position":"center center","background-size":"auto","background-attachment":"scroll","background-type":"","background-media":"","overlay-type":"","overlay-color":"","overlay-gradient":""}},"footnotes":""},"_links":{"self":[{"href":"https:\/\/mobilekaeserei.de\/index.php?rest_route=\/wp\/v2\/pages\/263"}],"collection":[{"href":"https:\/\/mobilekaeserei.de\/index.php?rest_route=\/wp\/v2\/pages"}],"about":[{"href":"https:\/\/mobilekaeserei.de\/index.php?rest_route=\/wp\/v2\/types\/page"}],"author":[{"embeddable":true,"href":"https:\/\/mobilekaeserei.de\/index.php?rest_route=\/wp\/v2\/users\/1"}],"replies":[{"embeddable":true,"href":"https:\/\/mobilekaeserei.de\/index.php?rest_route=%2Fwp%2Fv2%2Fcomments&post=263"}],"version-history":[{"count":77,"href":"https:\/\/mobilekaeserei.de\/index.php?rest_route=\/wp\/v2\/pages\/263\/revisions"}],"predecessor-version":[{"id":1163,"href":"https:\/\/mobilekaeserei.de\/index.php?rest_route=\/wp\/v2\/pages\/263\/revisions\/1163"}],"wp:attachment":[{"href":"https:\/\/mobilekaeserei.de\/index.php?rest_route=%2Fwp%2Fv2%2Fmedia&parent=263"}],"curies":[{"name":"wp","href":"https:\/\/api.w.org\/{rel}","templated":true}]}}